{"id":13846,"date":"2020-06-11T09:50:42","date_gmt":"2020-06-11T09:50:42","guid":{"rendered":"https:\/\/www.portdesitges.com\/privacidad\/"},"modified":"2026-03-06T07:40:58","modified_gmt":"2026-03-06T07:40:58","slug":"privacitat","status":"publish","type":"page","link":"https:\/\/www.portdesitges.com\/ca\/privacitat\/","title":{"rendered":"POLITICA DE PRIVACITAT"},"content":{"rendered":"[vc_row type=&#8221;in_container&#8221; full_screen_row_position=&#8221;middle&#8221; column_margin=&#8221;default&#8221; column_direction=&#8221;default&#8221; column_direction_tablet=&#8221;default&#8221; column_direction_phone=&#8221;default&#8221; bg_color=&#8221;#15217c&#8221; scene_position=&#8221;center&#8221; top_padding=&#8221;15%&#8221; constrain_group_1=&#8221;yes&#8221; bottom_padding=&#8221;15%&#8221; text_color=&#8221;dark&#8221; text_align=&#8221;left&#8221; row_border_radius=&#8221;none&#8221; row_border_radius_applies=&#8221;bg&#8221; overflow=&#8221;visible&#8221; overlay_strength=&#8221;0.3&#8243; gradient_direction=&#8221;left_to_right&#8221; shape_divider_position=&#8221;bottom&#8221; bg_image_animation=&#8221;none&#8221; gradient_type=&#8221;default&#8221; shape_type=&#8221;&#8221;][vc_column column_padding=&#8221;no-extra-padding&#8221; column_padding_tablet=&#8221;inherit&#8221; column_padding_phone=&#8221;inherit&#8221; column_padding_position=&#8221;all&#8221; column_element_direction_desktop=&#8221;default&#8221; column_element_spacing=&#8221;default&#8221; desktop_text_alignment=&#8221;default&#8221; tablet_text_alignment=&#8221;default&#8221; phone_text_alignment=&#8221;default&#8221; background_color_opacity=&#8221;1&#8243; background_hover_color_opacity=&#8221;1&#8243; column_backdrop_filter=&#8221;none&#8221; column_shadow=&#8221;none&#8221; column_border_radius=&#8221;none&#8221; column_link_target=&#8221;_self&#8221; column_position=&#8221;default&#8221; gradient_direction=&#8221;left_to_right&#8221; overlay_strength=&#8221;0.3&#8243; width=&#8221;1\/1&#8243; tablet_width_inherit=&#8221;default&#8221; animation_type=&#8221;default&#8221; bg_image_animation=&#8221;none&#8221; border_type=&#8221;simple&#8221; column_border_width=&#8221;none&#8221; column_border_style=&#8221;solid&#8221;][\/vc_column][\/vc_row][vc_row type=&#8221;in_container&#8221; full_screen_row_position=&#8221;middle&#8221; column_margin=&#8221;default&#8221; column_direction=&#8221;default&#8221; column_direction_tablet=&#8221;default&#8221; column_direction_phone=&#8221;default&#8221; scene_position=&#8221;center&#8221; top_padding=&#8221;5%&#8221; text_color=&#8221;dark&#8221; text_align=&#8221;left&#8221; row_border_radius=&#8221;none&#8221; row_border_radius_applies=&#8221;bg&#8221; overflow=&#8221;visible&#8221; overlay_strength=&#8221;0.3&#8243; gradient_direction=&#8221;left_to_right&#8221; shape_divider_position=&#8221;bottom&#8221; bg_image_animation=&#8221;none&#8221; gradient_type=&#8221;default&#8221; shape_type=&#8221;&#8221;][vc_column column_padding=&#8221;no-extra-padding&#8221; column_padding_tablet=&#8221;inherit&#8221; column_padding_phone=&#8221;inherit&#8221; column_padding_position=&#8221;all&#8221; column_element_direction_desktop=&#8221;default&#8221; column_element_spacing=&#8221;default&#8221; desktop_text_alignment=&#8221;default&#8221; tablet_text_alignment=&#8221;default&#8221; phone_text_alignment=&#8221;default&#8221; background_color_opacity=&#8221;1&#8243; background_hover_color_opacity=&#8221;1&#8243; column_backdrop_filter=&#8221;none&#8221; column_shadow=&#8221;none&#8221; column_border_radius=&#8221;none&#8221; column_link_target=&#8221;_self&#8221; column_position=&#8221;default&#8221; gradient_direction=&#8221;left_to_right&#8221; overlay_strength=&#8221;0.3&#8243; width=&#8221;1\/1&#8243; tablet_width_inherit=&#8221;default&#8221; animation_type=&#8221;default&#8221; bg_image_animation=&#8221;none&#8221; border_type=&#8221;simple&#8221; column_border_width=&#8221;none&#8221; column_border_style=&#8221;solid&#8221;][heading]Pol\u00edtica de Privacitat[\/heading][vc_column_text]A PORT D&#8217;AIGUADOL\u00c7 SITGES SA ens preocupem per la privacitat i la transpar\u00e8ncia.<\/p>\n<p>A continuaci\u00f3, li indiquem en detall els tractaments de dades personals que realitzem, aix\u00ed com tota la informaci\u00f3 relativa als mateixos.<\/p>\n<p><strong>Qui \u00e9s el responsable del tractament de les seves dades?<\/strong><\/p>\n<p>PORT D\u2019AIGUADOL\u00c7 SITGES SA<br \/>\nA0883724<br \/>\nTORRE CAPITANIA S\/N, PORT D\u2019AIGUADOL\u00c7 DE SITGES<br \/>\n08870 &#8211; SITGES &#8211; BARCELONA<\/p>\n<p>938942600<br \/>\ninfo@portdesitges.com \/ dpd@portdesitges.com<\/p>\n<p><strong>Quins s\u00f3n els seus drets quan ens facilita les seves dades?<\/strong><\/p>\n<p>Qualsevol persona t\u00e9 dret a obtenir confirmaci\u00f3 sobre si a PORT D&#8217;AIGUADOL\u00c7 SITGES SA estem tractant, o no, dades personals que els concerneixen.<\/p>\n<p>Les persones interessades tenen dret a accedir a les seves dades personals, aix\u00ed com a sol\u00b7licitar la rectificaci\u00f3 de les dades inexactes o, si s&#8217;escau, sol\u00b7licitar la seva supressi\u00f3 quan, entre altres motius, les dades ja no siguin necess\u00e0ries per a les finalitats que van ser recollides. Igualment t\u00e9 dret a la portabilitat de les seves dades.<\/p>\n<p>En determinades circumst\u00e0ncies, els interessats podran sol\u00b7licitar la limitaci\u00f3 del tractament de les seves dades, cas en el qual \u00fanicament les conservarem per a l&#8217;exercici o la defensa de reclamacions.<\/p>\n<p>En determinades circumst\u00e0ncies i per motius relacionats amb la seva situaci\u00f3 particular, els interessats podran oposar-se al tractament de les seves dades. En aquest cas, PORT D&#8217; AIGUADOL\u00c7 SITGES SA deixar\u00e0 de tractar les dades, llevat de motius leg\u00edtims imperiosos, o l&#8217; exercici o la defensa de possibles reclamacions.<\/p>\n<p>Podr\u00e0 exercitar materialment els seus drets de la seg\u00fcent forma: dirigint-se a info@portdesitges.com \/ dpd@portdesitges.com o Torre de Capitania, S\/N. 08870 Sitges &#8211; Barcelona.<\/p>\n<p>Quan es realitzi l&#8217; enviament de comunicacions comercials utilitzant com a base jur\u00eddica l&#8217; inter\u00e8s leg\u00edtim del responsable, l&#8217; interessat podr\u00e0 oposar-se al tractament de les seves dades amb aquesta finalitat.<\/p>\n<p>Si ha atorgat el seu consentiment per a alguna finalitat concreta, t\u00e9 dret a retirar el consentiment atorgat en qualsevol moment, sense que aix\u00f2 afecti la licitud del tractament basat en el consentiment previ a la seva retirada.<\/p>\n<p>En cas que senti vulnerats els seus drets pel que fa a la protecci\u00f3 de les seves dades personals, especialment quan no hagi obtingut satisfacci\u00f3 en l&#8217;exercici dels seus drets, pot presentar una reclamaci\u00f3 davant l&#8217;Autoritat de Control en mat\u00e8ria de Protecci\u00f3 de Dades competent a trav\u00e9s del seu lloc web: www.aepd.es.<\/p>\n<ol>\n<li><strong>Gesti\u00f3 de contactes via web<\/strong><\/li>\n<\/ol>\n<p><strong>Amb quina finalitat tractem les seves dades personals?<\/strong><\/p>\n<p>A PORT D&#8217;AIGUADOL\u00c7 SITGES SA tractem la informaci\u00f3 que ens faciliten les persones interessades per tal d&#8217;atendre la seva sol\u00b7licitud i enviar-li comunicacions comercials, aix\u00ed com els nostres butlletins. En el cas que no faciliti les seves dades personals, no podrem complir amb les finalitats descrites.<\/p>\n<p><strong>Per quant temps conservarem les seves dades?<\/strong><\/p>\n<p>Les dades es conservaran mentre l&#8217; interessat no demani la seva supressi\u00f3.<\/p>\n<p><strong>Quina \u00e9s la legitimaci\u00f3 per al tractament de les seves dades?<\/strong><\/p>\n<p>Li indiquem la base legal per al tractament de les seves dades:<\/p>\n<ul>\n<li>Execuci\u00f3 d&#8217; un contracte o mesures precontractuals: Atendre la seva sol.licitud.<\/li>\n<li>Consentiment de l&#8217; interessat: Trametre-li comunicacions comercials, inclusivament per via electr\u00f2nica.<\/li>\n<\/ul>\n<p><strong>A quins destinataris es comunicaran les seves dades?<\/strong><\/p>\n<p>No se cediran dades a tercers, llevat d&#8217; obligaci\u00f3 legal.<\/p>\n<p>Transfer\u00e8ncies de dades a tercers pa\u00efsos<\/p>\n<p>Estan previstes les transfer\u00e8ncies de dades seg\u00fcents a tercers pa\u00efsos:<\/p>\n<ul>\n<li>Mailchimp, amb la finalitat d&#8217; Enviament de comunicacions comercials. La garantia per a aquesta transfer\u00e8ncia s&#8217; ha establert a trav\u00e9s de: Cl\u00e0usules tipus de protecci\u00f3 de dades. Podeu consultar informaci\u00f3 addicional a: https:\/\/mailchimp.com\/legal\/privacy\/.<\/li>\n<\/ul>\n<p><strong>Com hem obtingut les seves dades?<\/strong><\/p>\n<p>Les dades personals que tractem a PORT D&#8217; AIGUADOL\u00c7 SITGES SA procedeixen de: El mateix interessat.<\/p>\n<ol start=\"2\">\n<li><strong>Cl\u00e0usula per al correu electr\u00f2nic<\/strong><\/li>\n<\/ol>\n<p><strong>Amb quina finalitat tractem les seves dades personals?<\/strong><\/p>\n<p>A PORT D&#8217;AIGUADOL\u00c7 SITGES SA tractem la informaci\u00f3 que ens faciliten les persones interessades per tal de prestar-li els serveis que ens ha sol\u00b7licitat, atendre les seves sol\u00b7licituds d&#8217;informaci\u00f3 i enviar-li comunicacions comercials. En el cas que no faciliti les seves dades personals, no podrem complir amb les finalitats descrites.<\/p>\n<p><strong>Per quant temps conservarem les seves dades?<\/strong><\/p>\n<p>Les dades es conservaran mentre l&#8217; interessat no demani la seva supressi\u00f3.<\/p>\n<p><strong>Quina \u00e9s la legitimaci\u00f3 per al tractament de les seves dades?<\/strong><\/p>\n<p>Li indiquem la base legal per al tractament de les seves dades:<\/p>\n<ul>\n<li>Execuci\u00f3 d&#8217; un contracte o mesures precontractuals: Atendre la seva sol\u00b7licitud.<\/li>\n<li>Inter\u00e8s leg\u00edtim del Responsable: Tramesa de comunicacions comercials sobre els nostres serveis i\/o productes.<\/li>\n<li>Consentiment de l&#8217;interessat: Enviament de comunicacions comercials sobre els nostres serveis i\/o productes en base a sol\u00b7licituds pr\u00e8vies mantingudes amb el responsables del tractament.<\/li>\n<\/ul>\n<p><strong>A quins destinataris es comunicaran les seves dades?<\/strong><\/p>\n<p>No se cediran dades a tercers, llevat d&#8217; obligaci\u00f3 legal.<\/p>\n<p>Transfer\u00e8ncies de dades a tercers pa\u00efsos<\/p>\n<p>No estan previstes transfer\u00e8ncies de dades a tercers pa\u00efsos.<\/p>\n<p><strong>Com hem obtingut les seves dades?<\/strong><\/p>\n<p>Les dades personals que tractem a PORT D&#8217; AIGUADOL\u00c7 SITGES SA procedeixen de: El mateix interessat.<\/p>\n<ol start=\"3\">\n<li><strong>Cl\u00e0usula informativa de la videovigil\u00e0ncia per seguretat<\/strong><\/li>\n<\/ol>\n<p><strong>Amb quina finalitat tractem les seves dades personals?<\/strong><\/p>\n<p>A PORT D&#8217;AIGUADOL\u00c7 SITGES SA tractem la informaci\u00f3 que ens faciliten les persones interessades per tal de videovigil\u00e0ncia de les instal\u00b7lacions i seguretat privada pel motiu de la seguretat de l&#8217;empresa. En el cas que no faciliti les seves dades personals, no podrem complir amb les finalitats descrites.<\/p>\n<p><strong>Per quant temps conservarem les seves dades?<\/strong><\/p>\n<p>Les dades es conservaran un m\u00e0xim de 30 dies, llevat que existeixi alguna circumst\u00e0ncia que exigeixi la seva conservaci\u00f3 m\u00e9s enll\u00e0 d&#8217; aquest temps per atendre possibles incidents o responsabilitats.<\/p>\n<p><strong>Quina \u00e9s la legitimaci\u00f3 per al tractament de les seves dades?<\/strong><\/p>\n<p>Li indiquem la base legal per al tractament de les seves dades:<\/p>\n<ul>\n<li>Inter\u00e8s p\u00fablic o en l\u2019exercici de poders p\u00fablics conferits al responsable del tractament (article 6.1.e GDPR)<\/li>\n<\/ul>\n<p><strong>A quins destinataris es comunicaran les seves dades?<\/strong><\/p>\n<p>Les dades es comunicaran als destinataris seg\u00fcents:<\/p>\n<ul>\n<li>forces i cossos de seguretat de l&#8217; Estat., amb la finalitat d&#8217; aportar les imatges si s&#8217; ha com\u00e8s un delicte.<\/li>\n<\/ul>\n<p>Transfer\u00e8ncies de dades a tercers pa\u00efsos<\/p>\n<p>No estan previstes transfer\u00e8ncies de dades a tercers pa\u00efsos.<\/p>\n<p><strong>Com hem obtingut les seves dades?<\/strong><\/p>\n<p>Les dades personals que tractem a PORT D&#8217; AIGUADOL\u00c7 SITGES SA procedeixen de: El mateix interessat.<\/p>\n<ol start=\"4\">\n<li><strong>Cl\u00e0usula de Curr\u00edculum Vitae (selecci\u00f3 de personal)<\/strong><\/li>\n<\/ol>\n<p><strong>Amb quina finalitat tractem les seves dades personals?<\/strong><\/p>\n<p>A PORT D&#8217;AIGUADOL\u00c7 SITGES SA tractem la informaci\u00f3 que ens faciliten les persones interessades per tal de gestionar els Curr\u00edculum Vitae rebuts i realitzar els processos de selecci\u00f3 de personal. En el cas que no faciliti les seves dades personals, no podrem complir amb les finalitats descrites.<\/p>\n<p><strong>Per quant temps conservarem les seves dades?<\/strong><\/p>\n<p>Dos anys des de l&#8217;\u00faltima interacci\u00f3.<\/p>\n<p><strong>Quina \u00e9s la legitimaci\u00f3 per al tractament de les seves dades?<\/strong><\/p>\n<p>Li indiquem la base legal per al tractament de les seves dades:<\/p>\n<ul>\n<li>Execuci\u00f3 d&#8217; un contracte o mesures precontractuals: gesti\u00f3 dels Curr\u00edculum Vitae lliurats pel candidat per realitzar els processos de selecci\u00f3 de personal per a la recerca del millor candidat possible a un lloc de treball determinat.<\/li>\n<\/ul>\n<p><strong>A quins destinataris es comunicaran les seves dades?<\/strong><\/p>\n<p>No se cediran dades a tercers, llevat d&#8217; obligaci\u00f3 legal.<\/p>\n<p>Transfer\u00e8ncies de dades a tercers pa\u00efsos<\/p>\n<p>No estan previstes transfer\u00e8ncies de dades a tercers pa\u00efsos.<\/p>\n<p><strong>Com hem obtingut les seves dades?<\/strong><\/p>\n<p>Les dades personals que tractem a PORT D&#8217; AIGUADOL\u00c7 SITGES SA procedeixen de: El mateix interessat.<\/p>\n<ol start=\"5\">\n<li><strong>Tractament de les dades de les reserves de l&#8217; establiment<\/strong><\/li>\n<\/ol>\n<p><strong>Amb quina finalitat tractem les seves dades personals?<\/strong><\/p>\n<p>A PORT D&#8217;AIGUADOL\u00c7 SITGES SA tractem la informaci\u00f3 que ens faciliten les persones interessades per tal de Formalitzar les reserves de l&#8217;establiment. En el cas que no faciliti les seves dades personals, no podrem complir amb les finalitats descrites. No es prendran decisions automatitzades en base a les dades proporcionades.<\/p>\n<p><strong>Per quant temps conservarem les seves dades?<\/strong><\/p>\n<p>Les dades es conservaran mentre l&#8217; interessat no demani la seva supressi\u00f3, i si s&#8217; escau, durant els anys necessaris per complir amb les obligacions legals.<\/p>\n<p><strong>Quina \u00e9s la legitimaci\u00f3 per al tractament de les seves dades?<\/strong><\/p>\n<p>Li indiquem la base legal per al tractament de les seves dades:<\/p>\n<ul>\n<li>Execuci\u00f3 d&#8217; un contracte o mesures precontractuals: Gesti\u00f3 fiscal, comptable i administrativa de clients. (RGPD art. 6.1.b).<\/li>\n<li>Inter\u00e8s leg\u00edtim del Responsable: Tramesa de comunicacions promocionals fins i tot per via electr\u00f2nica. (RGPD Considerant 47, LSSICE art. 21.2).<\/li>\n<\/ul>\n<p><strong>A quins destinataris es comunicaran les seves dades?<\/strong><\/p>\n<p>Les dades es comunicaran als destinataris seg\u00fcents:<\/p>\n<ul>\n<li>Administraci\u00f3 Tribut\u00e0ria, amb la finalitat de complir amb les obligacions legals (requisit legal).<\/li>\n<li>Entitats financeres, amb la finalitat de girar els rebuts corresponents (requisit contractual).<\/li>\n<\/ul>\n<p>Transfer\u00e8ncies de dades a tercers pa\u00efsos.<\/p>\n<p>Estan previstes les transfer\u00e8ncies de dades seg\u00fcents a tercers pa\u00efsos:<\/p>\n<ul>\n<li>Mailchimp, amb la finalitat d&#8217; Enviament de comunicacions comercials. La garantia per a aquesta transfer\u00e8ncia s&#8217; ha establert a trav\u00e9s de: Cl\u00e0usules tipus de protecci\u00f3 de dades. Podeu consultar informaci\u00f3 addicional a: https:\/\/mailchimp.com\/legal\/privacy\/.<\/li>\n<\/ul>\n<p><strong>Com hem obtingut les seves dades?<\/strong><\/p>\n<p>Les dades personals que tractem a PORT D&#8217; AIGUADOL\u00c7 SITGES SA procedeixen de: El mateix interessat.[\/vc_column_text][\/vc_column][\/vc_row]\n","protected":false},"excerpt":{"rendered":"<p>[vc_row type=&#8221;in_container&#8221; full_screen_row_position=&#8221;middle&#8221; column_margin=&#8221;default&#8221; column_direction=&#8221;default&#8221; column_direction_tablet=&#8221;default&#8221; column_direction_phone=&#8221;default&#8221; bg_color=&#8221;#15217c&#8221; scene_position=&#8221;center&#8221; top_padding=&#8221;15%&#8221; constrain_group_1=&#8221;yes&#8221; bottom_padding=&#8221;15%&#8221; text_color=&#8221;dark&#8221; text_align=&#8221;left&#8221; row_border_radius=&#8221;none&#8221; row_border_radius_applies=&#8221;bg&#8221; overflow=&#8221;visible&#8221; overlay_strength=&#8221;0.3&#8243; gradient_direction=&#8221;left_to_right&#8221; shape_divider_position=&#8221;bottom&#8221; bg_image_animation=&#8221;none&#8221; gradient_type=&#8221;default&#8221; shape_type=&#8221;&#8221;][vc_column column_padding=&#8221;no-extra-padding&#8221; column_padding_tablet=&#8221;inherit&#8221; column_padding_phone=&#8221;inherit&#8221; column_padding_position=&#8221;all&#8221; column_element_direction_desktop=&#8221;default&#8221; column_element_spacing=&#8221;default&#8221; desktop_text_alignment=&#8221;default&#8221;&#8230;<\/p>\n","protected":false},"author":1,"featured_media":0,"parent":0,"menu_order":22,"comment_status":"closed","ping_status":"closed","template":"","meta":{"footnotes":""},"class_list":["post-13846","page","type-page","status-publish"],"yoast_head":"<!-- This site is optimized with the Yoast SEO plugin v27.3 - https:\/\/yoast.com\/product\/yoast-seo-wordpress\/ -->\n<title>POLITICA DE PRIVACITAT - Port de Sitges - Aiguadol\u00e7<\/title>\n<meta name=\"robots\" content=\"index, follow, max-snippet:-1, max-image-preview:large, max-video-preview:-1\" \/>\n<link rel=\"canonical\" href=\"https:\/\/www.portdesitges.com\/ca\/privacitat\/\" \/>\n<meta property=\"og:locale\" content=\"ca_ES\" \/>\n<meta property=\"og:type\" content=\"article\" \/>\n<meta property=\"og:title\" content=\"POLITICA DE PRIVACITAT - Port de Sitges - Aiguadol\u00e7\" \/>\n<meta property=\"og:description\" content=\"[vc_row type=&#8221;in_container&#8221; full_screen_row_position=&#8221;middle&#8221; column_margin=&#8221;default&#8221; column_direction=&#8221;default&#8221; column_direction_tablet=&#8221;default&#8221; column_direction_phone=&#8221;default&#8221; bg_color=&#8221;#15217c&#8221; scene_position=&#8221;center&#8221; top_padding=&#8221;15%&#8221; constrain_group_1=&#8221;yes&#8221; bottom_padding=&#8221;15%&#8221; text_color=&#8221;dark&#8221; text_align=&#8221;left&#8221; row_border_radius=&#8221;none&#8221; row_border_radius_applies=&#8221;bg&#8221; overflow=&#8221;visible&#8221; overlay_strength=&#8221;0.3&#8243; gradient_direction=&#8221;left_to_right&#8221; shape_divider_position=&#8221;bottom&#8221; bg_image_animation=&#8221;none&#8221; gradient_type=&#8221;default&#8221; shape_type=&#8221;&#8221;][vc_column column_padding=&#8221;no-extra-padding&#8221; column_padding_tablet=&#8221;inherit&#8221; column_padding_phone=&#8221;inherit&#8221; column_padding_position=&#8221;all&#8221; column_element_direction_desktop=&#8221;default&#8221; column_element_spacing=&#8221;default&#8221; desktop_text_alignment=&#8221;default&#8221;...\" \/>\n<meta property=\"og:url\" content=\"https:\/\/www.portdesitges.com\/ca\/privacitat\/\" \/>\n<meta property=\"og:site_name\" content=\"Port de Sitges - Aiguadol\u00e7\" \/>\n<meta property=\"article:modified_time\" content=\"2026-03-06T07:40:58+00:00\" \/>\n<meta name=\"twitter:card\" content=\"summary_large_image\" \/>\n<meta name=\"twitter:label1\" content=\"Temps estimat de lectura\" \/>\n\t<meta name=\"twitter:data1\" content=\"8 minuts\" \/>\n<script type=\"application\/ld+json\" class=\"yoast-schema-graph\">{\"@context\":\"https:\\\/\\\/schema.org\",\"@graph\":[{\"@type\":\"WebPage\",\"@id\":\"https:\\\/\\\/www.portdesitges.com\\\/ca\\\/privacitat\\\/\",\"url\":\"https:\\\/\\\/www.portdesitges.com\\\/ca\\\/privacitat\\\/\",\"name\":\"POLITICA DE PRIVACITAT - Port de Sitges - Aiguadol\u00e7\",\"isPartOf\":{\"@id\":\"https:\\\/\\\/www.portdesitges.com\\\/#website\"},\"datePublished\":\"2020-06-11T09:50:42+00:00\",\"dateModified\":\"2026-03-06T07:40:58+00:00\",\"breadcrumb\":{\"@id\":\"https:\\\/\\\/www.portdesitges.com\\\/ca\\\/privacitat\\\/#breadcrumb\"},\"inLanguage\":\"ca\",\"potentialAction\":[{\"@type\":\"ReadAction\",\"target\":[\"https:\\\/\\\/www.portdesitges.com\\\/ca\\\/privacitat\\\/\"]}]},{\"@type\":\"BreadcrumbList\",\"@id\":\"https:\\\/\\\/www.portdesitges.com\\\/ca\\\/privacitat\\\/#breadcrumb\",\"itemListElement\":[{\"@type\":\"ListItem\",\"position\":1,\"name\":\"Portada\",\"item\":\"https:\\\/\\\/www.portdesitges.com\\\/ca\\\/\"},{\"@type\":\"ListItem\",\"position\":2,\"name\":\"POLITICA DE PRIVACITAT\"}]},{\"@type\":\"WebSite\",\"@id\":\"https:\\\/\\\/www.portdesitges.com\\\/#website\",\"url\":\"https:\\\/\\\/www.portdesitges.com\\\/\",\"name\":\"Port de Sitges - Aiguadol\u00e7\",\"description\":\"lugar donde el mar y la tierra se dan de la mano para crear un espacio \u00fanico y atractivo. Disfruta de un mar de experiencias.\",\"potentialAction\":[{\"@type\":\"SearchAction\",\"target\":{\"@type\":\"EntryPoint\",\"urlTemplate\":\"https:\\\/\\\/www.portdesitges.com\\\/?s={search_term_string}\"},\"query-input\":{\"@type\":\"PropertyValueSpecification\",\"valueRequired\":true,\"valueName\":\"search_term_string\"}}],\"inLanguage\":\"ca\"}]}<\/script>\n<!-- \/ Yoast SEO plugin. -->","yoast_head_json":{"title":"POLITICA DE PRIVACITAT - Port de Sitges - Aiguadol\u00e7","robots":{"index":"index","follow":"follow","max-snippet":"max-snippet:-1","max-image-preview":"max-image-preview:large","max-video-preview":"max-video-preview:-1"},"canonical":"https:\/\/www.portdesitges.com\/ca\/privacitat\/","og_locale":"ca_ES","og_type":"article","og_title":"POLITICA DE PRIVACITAT - Port de Sitges - Aiguadol\u00e7","og_description":"[vc_row type=&#8221;in_container&#8221; full_screen_row_position=&#8221;middle&#8221; column_margin=&#8221;default&#8221; column_direction=&#8221;default&#8221; column_direction_tablet=&#8221;default&#8221; column_direction_phone=&#8221;default&#8221; bg_color=&#8221;#15217c&#8221; scene_position=&#8221;center&#8221; top_padding=&#8221;15%&#8221; constrain_group_1=&#8221;yes&#8221; bottom_padding=&#8221;15%&#8221; text_color=&#8221;dark&#8221; text_align=&#8221;left&#8221; row_border_radius=&#8221;none&#8221; row_border_radius_applies=&#8221;bg&#8221; overflow=&#8221;visible&#8221; overlay_strength=&#8221;0.3&#8243; gradient_direction=&#8221;left_to_right&#8221; shape_divider_position=&#8221;bottom&#8221; bg_image_animation=&#8221;none&#8221; gradient_type=&#8221;default&#8221; shape_type=&#8221;&#8221;][vc_column column_padding=&#8221;no-extra-padding&#8221; column_padding_tablet=&#8221;inherit&#8221; column_padding_phone=&#8221;inherit&#8221; column_padding_position=&#8221;all&#8221; column_element_direction_desktop=&#8221;default&#8221; column_element_spacing=&#8221;default&#8221; desktop_text_alignment=&#8221;default&#8221;...","og_url":"https:\/\/www.portdesitges.com\/ca\/privacitat\/","og_site_name":"Port de Sitges - Aiguadol\u00e7","article_modified_time":"2026-03-06T07:40:58+00:00","twitter_card":"summary_large_image","twitter_misc":{"Temps estimat de lectura":"8 minuts"},"schema":{"@context":"https:\/\/schema.org","@graph":[{"@type":"WebPage","@id":"https:\/\/www.portdesitges.com\/ca\/privacitat\/","url":"https:\/\/www.portdesitges.com\/ca\/privacitat\/","name":"POLITICA DE PRIVACITAT - Port de Sitges - Aiguadol\u00e7","isPartOf":{"@id":"https:\/\/www.portdesitges.com\/#website"},"datePublished":"2020-06-11T09:50:42+00:00","dateModified":"2026-03-06T07:40:58+00:00","breadcrumb":{"@id":"https:\/\/www.portdesitges.com\/ca\/privacitat\/#breadcrumb"},"inLanguage":"ca","potentialAction":[{"@type":"ReadAction","target":["https:\/\/www.portdesitges.com\/ca\/privacitat\/"]}]},{"@type":"BreadcrumbList","@id":"https:\/\/www.portdesitges.com\/ca\/privacitat\/#breadcrumb","itemListElement":[{"@type":"ListItem","position":1,"name":"Portada","item":"https:\/\/www.portdesitges.com\/ca\/"},{"@type":"ListItem","position":2,"name":"POLITICA DE PRIVACITAT"}]},{"@type":"WebSite","@id":"https:\/\/www.portdesitges.com\/#website","url":"https:\/\/www.portdesitges.com\/","name":"Port de Sitges - Aiguadol\u00e7","description":"lugar donde el mar y la tierra se dan de la mano para crear un espacio \u00fanico y atractivo. Disfruta de un mar de experiencias.","potentialAction":[{"@type":"SearchAction","target":{"@type":"EntryPoint","urlTemplate":"https:\/\/www.portdesitges.com\/?s={search_term_string}"},"query-input":{"@type":"PropertyValueSpecification","valueRequired":true,"valueName":"search_term_string"}}],"inLanguage":"ca"}]}},"_links":{"self":[{"href":"https:\/\/www.portdesitges.com\/ca\/wp-json\/wp\/v2\/pages\/13846","targetHints":{"allow":["GET"]}}],"collection":[{"href":"https:\/\/www.portdesitges.com\/ca\/wp-json\/wp\/v2\/pages"}],"about":[{"href":"https:\/\/www.portdesitges.com\/ca\/wp-json\/wp\/v2\/types\/page"}],"author":[{"embeddable":true,"href":"https:\/\/www.portdesitges.com\/ca\/wp-json\/wp\/v2\/users\/1"}],"replies":[{"embeddable":true,"href":"https:\/\/www.portdesitges.com\/ca\/wp-json\/wp\/v2\/comments?post=13846"}],"version-history":[{"count":6,"href":"https:\/\/www.portdesitges.com\/ca\/wp-json\/wp\/v2\/pages\/13846\/revisions"}],"predecessor-version":[{"id":20681,"href":"https:\/\/www.portdesitges.com\/ca\/wp-json\/wp\/v2\/pages\/13846\/revisions\/20681"}],"wp:attachment":[{"href":"https:\/\/www.portdesitges.com\/ca\/wp-json\/wp\/v2\/media?parent=13846"}],"curies":[{"name":"wp","href":"https:\/\/api.w.org\/{rel}","templated":true}]}}