{"id":13190,"date":"2020-10-19T11:27:29","date_gmt":"2020-10-19T11:27:29","guid":{"rendered":"https:\/\/www.portdesitges.com\/regates\/"},"modified":"2020-10-23T08:30:25","modified_gmt":"2020-10-23T08:30:25","slug":"regates","status":"publish","type":"page","link":"https:\/\/www.portdesitges.com\/ca\/mar\/regates\/","title":{"rendered":"Regates"},"content":{"rendered":"[vc_row type=&#8221;in_container&#8221; full_screen_row_position=&#8221;middle&#8221; column_margin=&#8221;default&#8221; scene_position=&#8221;center&#8221; text_color=&#8221;dark&#8221; text_align=&#8221;left&#8221; overlay_strength=&#8221;0.3&#8243; shape_divider_position=&#8221;bottom&#8221; bg_image_animation=&#8221;none&#8221;][vc_column column_padding=&#8221;no-extra-padding&#8221; column_padding_position=&#8221;all&#8221; background_color_opacity=&#8221;1&#8243; background_hover_color_opacity=&#8221;1&#8243; column_link_target=&#8221;_self&#8221; column_shadow=&#8221;none&#8221; column_border_radius=&#8221;none&#8221; width=&#8221;1\/4&#8243; tablet_width_inherit=&#8221;default&#8221; tablet_text_alignment=&#8221;default&#8221; phone_text_alignment=&#8221;default&#8221; overlay_strength=&#8221;0.3&#8243; column_border_width=&#8221;none&#8221; column_border_style=&#8221;solid&#8221; bg_image_animation=&#8221;none&#8221;][\/vc_column][vc_column column_padding=&#8221;no-extra-padding&#8221; column_padding_position=&#8221;all&#8221; background_color_opacity=&#8221;1&#8243; background_hover_color_opacity=&#8221;1&#8243; column_link_target=&#8221;_self&#8221; column_shadow=&#8221;none&#8221; column_border_radius=&#8221;none&#8221; width=&#8221;1\/2&#8243; tablet_width_inherit=&#8221;default&#8221; tablet_text_alignment=&#8221;default&#8221; phone_text_alignment=&#8221;default&#8221; overlay_strength=&#8221;0.3&#8243; column_border_width=&#8221;none&#8221; column_border_style=&#8221;solid&#8221; bg_image_animation=&#8221;none&#8221;][vc_column_text]\n<h2 style=\"text-align: center;\">Regates<\/h2>\n[\/vc_column_text][vc_column_text el_class=&#8221;destacado-2&#8243;]\n<p style=\"text-align: center;\">En els esports aqu\u00e0tics, les regates de vela s\u00f3n les m\u00e9s famoses i les que m\u00e9s emocions desperten entre els aficionats al m\u00f3n n\u00e0utic. Des del Port de Sitges &#8211; Aiguadol\u00e7<\/p>\n[\/vc_column_text][\/vc_column][vc_column column_padding=&#8221;no-extra-padding&#8221; column_padding_position=&#8221;all&#8221; background_color_opacity=&#8221;1&#8243; background_hover_color_opacity=&#8221;1&#8243; column_link_target=&#8221;_self&#8221; column_shadow=&#8221;none&#8221; column_border_radius=&#8221;none&#8221; width=&#8221;1\/4&#8243; tablet_width_inherit=&#8221;default&#8221; tablet_text_alignment=&#8221;default&#8221; phone_text_alignment=&#8221;default&#8221; overlay_strength=&#8221;0.3&#8243; column_border_width=&#8221;none&#8221; column_border_style=&#8221;solid&#8221; bg_image_animation=&#8221;none&#8221;][\/vc_column][\/vc_row][vc_row type=&#8221;in_container&#8221; full_screen_row_position=&#8221;middle&#8221; column_margin=&#8221;default&#8221; scene_position=&#8221;center&#8221; text_color=&#8221;dark&#8221; text_align=&#8221;left&#8221; bottom_padding=&#8221;40&#8243; overlay_strength=&#8221;0.3&#8243; shape_divider_position=&#8221;bottom&#8221; bg_image_animation=&#8221;none&#8221; shape_type=&#8221;&#8221;][vc_column column_padding=&#8221;no-extra-padding&#8221; column_padding_position=&#8221;all&#8221; background_color_opacity=&#8221;1&#8243; background_hover_color_opacity=&#8221;1&#8243; column_link_target=&#8221;_self&#8221; column_shadow=&#8221;none&#8221; column_border_radius=&#8221;none&#8221; width=&#8221;1\/3&#8243; tablet_width_inherit=&#8221;default&#8221; tablet_text_alignment=&#8221;default&#8221; phone_text_alignment=&#8221;default&#8221; overlay_strength=&#8221;0.3&#8243; column_border_width=&#8221;none&#8221; column_border_style=&#8221;solid&#8221; bg_image_animation=&#8221;none&#8221;][vc_column_text]\n<h4 style=\"font-size: 34px; text-align: center;\">Regata gastron\u00f2mica<\/h4>\n<p style=\"text-align: center;\">L&#8217;organitza el Club N\u00e0utic Port de Sitges<\/p>\n[\/vc_column_text][nectar_flip_box image_url_1=&#8221;11118&#8243; text_color=&#8221;dark&#8221; icon_color=&#8221;accent-color&#8221; image_url_2=&#8221;11119&#8243; text_color_2=&#8221;dark&#8221; h_text_align=&#8221;left&#8221; v_text_align=&#8221;top&#8221; image_loading=&#8221;default&#8221; flip_direction=&#8221;horizontal-to-left&#8221;][\/nectar_flip_box][\/vc_column][vc_column column_padding=&#8221;no-extra-padding&#8221; column_padding_position=&#8221;all&#8221; background_color_opacity=&#8221;1&#8243; background_hover_color_opacity=&#8221;1&#8243; column_link_target=&#8221;_self&#8221; column_shadow=&#8221;none&#8221; column_border_radius=&#8221;none&#8221; width=&#8221;1\/3&#8243; tablet_width_inherit=&#8221;default&#8221; tablet_text_alignment=&#8221;default&#8221; phone_text_alignment=&#8221;default&#8221; overlay_strength=&#8221;0.3&#8243; column_border_width=&#8221;none&#8221; column_border_style=&#8221;solid&#8221; bg_image_animation=&#8221;none&#8221;][vc_column_text]\n<h4 style=\"font-size: 34px; text-align: center;\">Regata Ophiusa Sitges &#8211; Formentera<\/h4>\n<p style=\"text-align: center;\">L&#8217;organitza Ophiusa Iniciativas N\u00e1uticas<\/p>\n[\/vc_column_text][nectar_flip_box image_url_1=&#8221;11121&#8243; text_color=&#8221;dark&#8221; icon_color=&#8221;accent-color&#8221; image_url_2=&#8221;11122&#8243; text_color_2=&#8221;dark&#8221; h_text_align=&#8221;left&#8221; v_text_align=&#8221;top&#8221; image_loading=&#8221;default&#8221; flip_direction=&#8221;horizontal-to-left&#8221;][\/nectar_flip_box][\/vc_column][vc_column column_padding=&#8221;no-extra-padding&#8221; column_padding_position=&#8221;all&#8221; background_color_opacity=&#8221;1&#8243; background_hover_color_opacity=&#8221;1&#8243; column_link_target=&#8221;_self&#8221; column_shadow=&#8221;none&#8221; column_border_radius=&#8221;none&#8221; width=&#8221;1\/3&#8243; tablet_width_inherit=&#8221;default&#8221; tablet_text_alignment=&#8221;default&#8221; phone_text_alignment=&#8221;default&#8221; overlay_strength=&#8221;0.3&#8243; column_border_width=&#8221;none&#8221; column_border_style=&#8221;solid&#8221; bg_image_animation=&#8221;none&#8221;][vc_column_text]\n<h4 style=\"font-size: 34px; text-align: center;\">Regata Sitges Smile Race<\/h4>\n<p style=\"text-align: center;\">L&#8217;organitza l&#8217;Escola de Vela Adaptada<\/p>\n[\/vc_column_text][nectar_flip_box image_url_1=&#8221;11123&#8243; text_color=&#8221;dark&#8221; icon_color=&#8221;accent-color&#8221; image_url_2=&#8221;11124&#8243; text_color_2=&#8221;dark&#8221; h_text_align=&#8221;left&#8221; v_text_align=&#8221;top&#8221; image_loading=&#8221;default&#8221; flip_direction=&#8221;horizontal-to-left&#8221;][\/nectar_flip_box][\/vc_column][\/vc_row][vc_row type=&#8221;in_container&#8221; full_screen_row_position=&#8221;middle&#8221; column_margin=&#8221;default&#8221; scene_position=&#8221;center&#8221; text_color=&#8221;dark&#8221; text_align=&#8221;left&#8221; bottom_padding=&#8221;40&#8243; overlay_strength=&#8221;0.3&#8243; shape_divider_position=&#8221;bottom&#8221; bg_image_animation=&#8221;none&#8221; shape_type=&#8221;&#8221;][vc_column column_padding=&#8221;no-extra-padding&#8221; column_padding_position=&#8221;all&#8221; background_color_opacity=&#8221;1&#8243; background_hover_color_opacity=&#8221;1&#8243; column_link_target=&#8221;_self&#8221; column_shadow=&#8221;none&#8221; column_border_radius=&#8221;none&#8221; width=&#8221;1\/3&#8243; tablet_width_inherit=&#8221;default&#8221; tablet_text_alignment=&#8221;default&#8221; phone_text_alignment=&#8221;default&#8221; overlay_strength=&#8221;0.3&#8243; column_border_width=&#8221;none&#8221; column_border_style=&#8221;solid&#8221; bg_image_animation=&#8221;none&#8221;][vc_column_text]\n<h4 style=\"font-size: 34px; text-align: center;\">Regata Sitges &#8211; Ciutadella<\/h4>\n<p style=\"text-align: center;\">L&#8217;organitza Difusi\u00f3n N\u00e1utica<\/p>\n[\/vc_column_text][nectar_flip_box image_url_1=&#8221;11126&#8243; text_color=&#8221;dark&#8221; icon_color=&#8221;accent-color&#8221; image_url_2=&#8221;11127&#8243; text_color_2=&#8221;dark&#8221; h_text_align=&#8221;left&#8221; v_text_align=&#8221;top&#8221; image_loading=&#8221;default&#8221; flip_direction=&#8221;horizontal-to-left&#8221;][\/nectar_flip_box][\/vc_column][vc_column column_padding=&#8221;no-extra-padding&#8221; column_padding_position=&#8221;all&#8221; background_color_opacity=&#8221;1&#8243; background_hover_color_opacity=&#8221;1&#8243; column_link_target=&#8221;_self&#8221; column_shadow=&#8221;none&#8221; column_border_radius=&#8221;none&#8221; width=&#8221;1\/3&#8243; tablet_width_inherit=&#8221;default&#8221; tablet_text_alignment=&#8221;default&#8221; phone_text_alignment=&#8221;default&#8221; overlay_strength=&#8221;0.3&#8243; column_border_width=&#8221;none&#8221; column_border_style=&#8221;solid&#8221; bg_image_animation=&#8221;none&#8221;][vc_column_text]\n<h4 style=\"font-size: 34px; text-align: center;\">Regata Pato Willy<\/h4>\n<p style=\"text-align: center;\">L&#8217;organitza el Club N\u00e0utic Port de Sitges<\/p>\n[\/vc_column_text][nectar_flip_box image_url_1=&#8221;11128&#8243; text_color=&#8221;dark&#8221; icon_color=&#8221;accent-color&#8221; image_url_2=&#8221;11119&#8243; text_color_2=&#8221;dark&#8221; h_text_align=&#8221;left&#8221; v_text_align=&#8221;top&#8221; image_loading=&#8221;default&#8221; flip_direction=&#8221;horizontal-to-left&#8221;][\/nectar_flip_box][\/vc_column][vc_column column_padding=&#8221;no-extra-padding&#8221; column_padding_position=&#8221;all&#8221; background_color_opacity=&#8221;1&#8243; background_hover_color_opacity=&#8221;1&#8243; column_link_target=&#8221;_self&#8221; column_shadow=&#8221;none&#8221; column_border_radius=&#8221;none&#8221; width=&#8221;1\/3&#8243; tablet_width_inherit=&#8221;default&#8221; tablet_text_alignment=&#8221;default&#8221; phone_text_alignment=&#8221;default&#8221; overlay_strength=&#8221;0.3&#8243; column_border_width=&#8221;none&#8221; column_border_style=&#8221;solid&#8221; bg_image_animation=&#8221;none&#8221;][vc_column_text]\n<h4 style=\"font-size: 34px; text-align: center;\">Regata Terror\u00edfica<\/h4>\n<p style=\"text-align: center;\">L&#8217;organitza el Club N\u00e0utic Port de Sitges<\/p>\n[\/vc_column_text][nectar_flip_box image_url_1=&#8221;11129&#8243; text_color=&#8221;dark&#8221; icon_color=&#8221;accent-color&#8221; image_url_2=&#8221;11119&#8243; text_color_2=&#8221;dark&#8221; h_text_align=&#8221;left&#8221; v_text_align=&#8221;top&#8221; image_loading=&#8221;default&#8221; flip_direction=&#8221;horizontal-to-left&#8221;][\/nectar_flip_box][\/vc_column][\/vc_row][vc_row type=&#8221;in_container&#8221; full_screen_row_position=&#8221;middle&#8221; column_margin=&#8221;default&#8221; scene_position=&#8221;center&#8221; text_color=&#8221;dark&#8221; text_align=&#8221;left&#8221; class=&#8221;destacats-empresa&#8221; disable_element=&#8221;yes&#8221; overlay_strength=&#8221;0.3&#8243; shape_divider_position=&#8221;bottom&#8221; bg_image_animation=&#8221;none&#8221; shape_type=&#8221;&#8221;][vc_column column_padding=&#8221;no-extra-padding&#8221; column_padding_position=&#8221;all&#8221; background_color_opacity=&#8221;1&#8243; background_hover_color_opacity=&#8221;1&#8243; column_link_target=&#8221;_self&#8221; column_shadow=&#8221;none&#8221; column_border_radius=&#8221;none&#8221; width=&#8221;1\/4&#8243; tablet_width_inherit=&#8221;default&#8221; tablet_text_alignment=&#8221;default&#8221; phone_text_alignment=&#8221;default&#8221; overlay_strength=&#8221;0.3&#8243; column_border_width=&#8221;none&#8221; column_border_style=&#8221;solid&#8221; bg_image_animation=&#8221;none&#8221;][\/vc_column][vc_column column_padding=&#8221;no-extra-padding&#8221; column_padding_position=&#8221;all&#8221; background_color_opacity=&#8221;1&#8243; background_hover_color_opacity=&#8221;1&#8243; column_link_target=&#8221;_self&#8221; column_shadow=&#8221;none&#8221; column_border_radius=&#8221;none&#8221; width=&#8221;1\/4&#8243; tablet_width_inherit=&#8221;default&#8221; tablet_text_alignment=&#8221;default&#8221; phone_text_alignment=&#8221;default&#8221; overlay_strength=&#8221;0.3&#8243; column_border_width=&#8221;none&#8221; column_border_style=&#8221;solid&#8221; bg_image_animation=&#8221;none&#8221;][\/vc_column][vc_column column_padding=&#8221;no-extra-padding&#8221; column_padding_position=&#8221;all&#8221; background_color_opacity=&#8221;1&#8243; background_hover_color_opacity=&#8221;1&#8243; column_link_target=&#8221;_self&#8221; column_shadow=&#8221;none&#8221; column_border_radius=&#8221;none&#8221; width=&#8221;1\/4&#8243; tablet_width_inherit=&#8221;default&#8221; tablet_text_alignment=&#8221;default&#8221; phone_text_alignment=&#8221;default&#8221; overlay_strength=&#8221;0.3&#8243; column_border_width=&#8221;none&#8221; column_border_style=&#8221;solid&#8221; bg_image_animation=&#8221;none&#8221;][vc_column_text]\n<p style=\"text-align: center;\"><span style=\"opacity: 0;\">_<\/span> Sitges Diving<\/p>\n[\/vc_column_text][nectar_btn size=&#8221;small&#8221; open_new_tab=&#8221;true&#8221; button_style=&#8221;regular&#8221; button_color_2=&#8221;Accent-Color&#8221; icon_family=&#8221;none&#8221; url=&#8221;#&#8221; text=&#8221;Sitges Diving&#8221;][\/vc_column][vc_column column_padding=&#8221;no-extra-padding&#8221; column_padding_position=&#8221;all&#8221; background_color_opacity=&#8221;1&#8243; background_hover_color_opacity=&#8221;1&#8243; column_link_target=&#8221;_self&#8221; column_shadow=&#8221;none&#8221; column_border_radius=&#8221;none&#8221; width=&#8221;1\/4&#8243; tablet_width_inherit=&#8221;default&#8221; tablet_text_alignment=&#8221;default&#8221; phone_text_alignment=&#8221;default&#8221; overlay_strength=&#8221;0.3&#8243; column_border_width=&#8221;none&#8221; column_border_style=&#8221;solid&#8221; bg_image_animation=&#8221;none&#8221;][\/vc_column][\/vc_row]\n","protected":false},"excerpt":{"rendered":"<p>[vc_row type=&#8221;in_container&#8221; full_screen_row_position=&#8221;middle&#8221; column_margin=&#8221;default&#8221; scene_position=&#8221;center&#8221; text_color=&#8221;dark&#8221; text_align=&#8221;left&#8221; overlay_strength=&#8221;0.3&#8243; shape_divider_position=&#8221;bottom&#8221; bg_image_animation=&#8221;none&#8221;][vc_column column_padding=&#8221;no-extra-padding&#8221; column_padding_position=&#8221;all&#8221; background_color_opacity=&#8221;1&#8243; background_hover_color_opacity=&#8221;1&#8243; column_link_target=&#8221;_self&#8221; column_shadow=&#8221;none&#8221; column_border_radius=&#8221;none&#8221; width=&#8221;1\/4&#8243; tablet_width_inherit=&#8221;default&#8221; tablet_text_alignment=&#8221;default&#8221; phone_text_alignment=&#8221;default&#8221; overlay_strength=&#8221;0.3&#8243; column_border_width=&#8221;none&#8221; column_border_style=&#8221;solid&#8221; bg_image_animation=&#8221;none&#8221;][\/vc_column][vc_column column_padding=&#8221;no-extra-padding&#8221; column_padding_position=&#8221;all&#8221; background_color_opacity=&#8221;1&#8243; background_hover_color_opacity=&#8221;1&#8243; column_link_target=&#8221;_self&#8221;&#8230;<\/p>\n","protected":false},"author":1,"featured_media":0,"parent":12787,"menu_order":5,"comment_status":"closed","ping_status":"closed","template":"","meta":{"footnotes":""},"class_list":["post-13190","page","type-page","status-publish"],"yoast_head":"<!-- This site is optimized with the Yoast SEO plugin v27.3 - https:\/\/yoast.com\/product\/yoast-seo-wordpress\/ -->\n<title>Regates - Port de Sitges - Aiguadol\u00e7<\/title>\n<meta name=\"description\" content=\"En els esports aqu\u00e0tics, les regates de vela s\u00f3n les m\u00e9s famoses i les que m\u00e9s emocions desperten entre els aficionats al m\u00f3n n\u00e0utic. Des del Port de Sitges - Aiguadol\u00e7\" \/>\n<meta name=\"robots\" content=\"index, follow, max-snippet:-1, max-image-preview:large, max-video-preview:-1\" \/>\n<link rel=\"canonical\" href=\"https:\/\/www.portdesitges.com\/mar-de-sitges\/regatas\/\" \/>\n<meta property=\"og:locale\" content=\"ca_ES\" \/>\n<meta property=\"og:type\" content=\"article\" \/>\n<meta property=\"og:title\" content=\"Regates - Port de Sitges - Aiguadol\u00e7\" \/>\n<meta property=\"og:description\" content=\"En els esports aqu\u00e0tics, les regates de vela s\u00f3n les m\u00e9s famoses i les que m\u00e9s emocions desperten entre els aficionats al m\u00f3n n\u00e0utic. Des del Port de Sitges - Aiguadol\u00e7\" \/>\n<meta property=\"og:url\" content=\"https:\/\/www.portdesitges.com\/mar-de-sitges\/regatas\/\" \/>\n<meta property=\"og:site_name\" content=\"Port de Sitges - Aiguadol\u00e7\" \/>\n<meta property=\"article:modified_time\" content=\"2020-10-23T08:30:25+00:00\" \/>\n<meta name=\"twitter:card\" content=\"summary_large_image\" \/>\n<meta name=\"twitter:label1\" content=\"Temps estimat de lectura\" \/>\n\t<meta name=\"twitter:data1\" content=\"6 minuts\" \/>\n<script type=\"application\/ld+json\" class=\"yoast-schema-graph\">{\"@context\":\"https:\\\/\\\/schema.org\",\"@graph\":[{\"@type\":\"WebPage\",\"@id\":\"https:\\\/\\\/www.portdesitges.com\\\/mar-de-sitges\\\/regatas\\\/\",\"url\":\"https:\\\/\\\/www.portdesitges.com\\\/mar-de-sitges\\\/regatas\\\/\",\"name\":\"Regates - Port de Sitges - Aiguadol\u00e7\",\"isPartOf\":{\"@id\":\"https:\\\/\\\/www.portdesitges.com\\\/#website\"},\"datePublished\":\"2020-10-19T11:27:29+00:00\",\"dateModified\":\"2020-10-23T08:30:25+00:00\",\"description\":\"En els esports aqu\u00e0tics, les regates de vela s\u00f3n les m\u00e9s famoses i les que m\u00e9s emocions desperten entre els aficionats al m\u00f3n n\u00e0utic. Des del Port de Sitges - Aiguadol\u00e7\",\"breadcrumb\":{\"@id\":\"https:\\\/\\\/www.portdesitges.com\\\/mar-de-sitges\\\/regatas\\\/#breadcrumb\"},\"inLanguage\":\"ca\",\"potentialAction\":[{\"@type\":\"ReadAction\",\"target\":[\"https:\\\/\\\/www.portdesitges.com\\\/mar-de-sitges\\\/regatas\\\/\"]}]},{\"@type\":\"BreadcrumbList\",\"@id\":\"https:\\\/\\\/www.portdesitges.com\\\/mar-de-sitges\\\/regatas\\\/#breadcrumb\",\"itemListElement\":[{\"@type\":\"ListItem\",\"position\":1,\"name\":\"Portada\",\"item\":\"https:\\\/\\\/www.portdesitges.com\\\/ca\\\/\"},{\"@type\":\"ListItem\",\"position\":2,\"name\":\"Mar\",\"item\":\"https:\\\/\\\/www.portdesitges.com\\\/ca\\\/mar\\\/\"},{\"@type\":\"ListItem\",\"position\":3,\"name\":\"Regates\"}]},{\"@type\":\"WebSite\",\"@id\":\"https:\\\/\\\/www.portdesitges.com\\\/#website\",\"url\":\"https:\\\/\\\/www.portdesitges.com\\\/\",\"name\":\"Port de Sitges - Aiguadol\u00e7\",\"description\":\"lugar donde el mar y la tierra se dan de la mano para crear un espacio \u00fanico y atractivo. Disfruta de un mar de experiencias.\",\"potentialAction\":[{\"@type\":\"SearchAction\",\"target\":{\"@type\":\"EntryPoint\",\"urlTemplate\":\"https:\\\/\\\/www.portdesitges.com\\\/?s={search_term_string}\"},\"query-input\":{\"@type\":\"PropertyValueSpecification\",\"valueRequired\":true,\"valueName\":\"search_term_string\"}}],\"inLanguage\":\"ca\"}]}<\/script>\n<!-- \/ Yoast SEO plugin. -->","yoast_head_json":{"title":"Regates - Port de Sitges - Aiguadol\u00e7","description":"En els esports aqu\u00e0tics, les regates de vela s\u00f3n les m\u00e9s famoses i les que m\u00e9s emocions desperten entre els aficionats al m\u00f3n n\u00e0utic. Des del Port de Sitges - Aiguadol\u00e7","robots":{"index":"index","follow":"follow","max-snippet":"max-snippet:-1","max-image-preview":"max-image-preview:large","max-video-preview":"max-video-preview:-1"},"canonical":"https:\/\/www.portdesitges.com\/mar-de-sitges\/regatas\/","og_locale":"ca_ES","og_type":"article","og_title":"Regates - Port de Sitges - Aiguadol\u00e7","og_description":"En els esports aqu\u00e0tics, les regates de vela s\u00f3n les m\u00e9s famoses i les que m\u00e9s emocions desperten entre els aficionats al m\u00f3n n\u00e0utic. Des del Port de Sitges - Aiguadol\u00e7","og_url":"https:\/\/www.portdesitges.com\/mar-de-sitges\/regatas\/","og_site_name":"Port de Sitges - Aiguadol\u00e7","article_modified_time":"2020-10-23T08:30:25+00:00","twitter_card":"summary_large_image","twitter_misc":{"Temps estimat de lectura":"6 minuts"},"schema":{"@context":"https:\/\/schema.org","@graph":[{"@type":"WebPage","@id":"https:\/\/www.portdesitges.com\/mar-de-sitges\/regatas\/","url":"https:\/\/www.portdesitges.com\/mar-de-sitges\/regatas\/","name":"Regates - Port de Sitges - Aiguadol\u00e7","isPartOf":{"@id":"https:\/\/www.portdesitges.com\/#website"},"datePublished":"2020-10-19T11:27:29+00:00","dateModified":"2020-10-23T08:30:25+00:00","description":"En els esports aqu\u00e0tics, les regates de vela s\u00f3n les m\u00e9s famoses i les que m\u00e9s emocions desperten entre els aficionats al m\u00f3n n\u00e0utic. Des del Port de Sitges - Aiguadol\u00e7","breadcrumb":{"@id":"https:\/\/www.portdesitges.com\/mar-de-sitges\/regatas\/#breadcrumb"},"inLanguage":"ca","potentialAction":[{"@type":"ReadAction","target":["https:\/\/www.portdesitges.com\/mar-de-sitges\/regatas\/"]}]},{"@type":"BreadcrumbList","@id":"https:\/\/www.portdesitges.com\/mar-de-sitges\/regatas\/#breadcrumb","itemListElement":[{"@type":"ListItem","position":1,"name":"Portada","item":"https:\/\/www.portdesitges.com\/ca\/"},{"@type":"ListItem","position":2,"name":"Mar","item":"https:\/\/www.portdesitges.com\/ca\/mar\/"},{"@type":"ListItem","position":3,"name":"Regates"}]},{"@type":"WebSite","@id":"https:\/\/www.portdesitges.com\/#website","url":"https:\/\/www.portdesitges.com\/","name":"Port de Sitges - Aiguadol\u00e7","description":"lugar donde el mar y la tierra se dan de la mano para crear un espacio \u00fanico y atractivo. Disfruta de un mar de experiencias.","potentialAction":[{"@type":"SearchAction","target":{"@type":"EntryPoint","urlTemplate":"https:\/\/www.portdesitges.com\/?s={search_term_string}"},"query-input":{"@type":"PropertyValueSpecification","valueRequired":true,"valueName":"search_term_string"}}],"inLanguage":"ca"}]}},"_links":{"self":[{"href":"https:\/\/www.portdesitges.com\/ca\/wp-json\/wp\/v2\/pages\/13190","targetHints":{"allow":["GET"]}}],"collection":[{"href":"https:\/\/www.portdesitges.com\/ca\/wp-json\/wp\/v2\/pages"}],"about":[{"href":"https:\/\/www.portdesitges.com\/ca\/wp-json\/wp\/v2\/types\/page"}],"author":[{"embeddable":true,"href":"https:\/\/www.portdesitges.com\/ca\/wp-json\/wp\/v2\/users\/1"}],"replies":[{"embeddable":true,"href":"https:\/\/www.portdesitges.com\/ca\/wp-json\/wp\/v2\/comments?post=13190"}],"version-history":[{"count":3,"href":"https:\/\/www.portdesitges.com\/ca\/wp-json\/wp\/v2\/pages\/13190\/revisions"}],"predecessor-version":[{"id":13431,"href":"https:\/\/www.portdesitges.com\/ca\/wp-json\/wp\/v2\/pages\/13190\/revisions\/13431"}],"up":[{"embeddable":true,"href":"https:\/\/www.portdesitges.com\/ca\/wp-json\/wp\/v2\/pages\/12787"}],"wp:attachment":[{"href":"https:\/\/www.portdesitges.com\/ca\/wp-json\/wp\/v2\/media?parent=13190"}],"curies":[{"name":"wp","href":"https:\/\/api.w.org\/{rel}","templated":true}]}}